{"id":1638,"date":"2024-11-20T08:14:03","date_gmt":"2024-11-20T08:14:03","guid":{"rendered":"https:\/\/tantramourfestival.com\/?page_id=1638"},"modified":"2026-02-16T09:37:09","modified_gmt":"2026-02-16T09:37:09","slug":"program","status":"publish","type":"page","link":"https:\/\/tantramourfestival.com\/en\/programme\/","title":{"rendered":"Program"},"content":{"rendered":"<style>.kb-row-layout-id1638_97f381-14 > .kt-row-column-wrap{align-content:start;}:where(.kb-row-layout-id1638_97f381-14 > .kt-row-column-wrap) > .wp-block-kadence-column{justify-content:start;}.kb-row-layout-id1638_97f381-14 > .kt-row-column-wrap{column-gap:var(--global-kb-gap-md, 2rem);row-gap:var(--global-kb-gap-md, 2rem);max-width:800px;margin-left:auto;margin-right:auto;padding-top:170px;padding-right:24px;padding-bottom:60px;padding-left:24px;min-height:400px;grid-template-columns:minmax(0, 1fr);}.kb-row-layout-id1638_97f381-14{background-image:url('https:\/\/tantramourfestival.com\/wp-content\/uploads\/2024\/12\/Gradient_Festival_A-scaled.webp');background-size:cover;background-position:50% 2%;background-attachment:scroll;background-repeat:no-repeat;}.kb-row-layout-id1638_97f381-14 > .kt-row-layout-overlay{opacity:0.40;}@media all and (max-width: 1024px){.kb-row-layout-id1638_97f381-14 > .kt-row-column-wrap{grid-template-columns:minmax(0, 1fr);}}@media all and (max-width: 767px){.kb-row-layout-id1638_97f381-14 > .kt-row-column-wrap{min-height:500px;grid-template-columns:minmax(0, 1fr);}}<\/style><div class=\"kb-row-layout-wrap kb-row-layout-id1638_97f381-14 alignfull kt-row-has-bg wp-block-kadence-rowlayout\"><div class=\"kt-row-column-wrap kt-has-1-columns kt-row-layout-equal kt-tab-layout-inherit kt-mobile-layout-row kt-row-valign-top\">\n<style>.kadence-column1638_5c429d-99 > .kt-inside-inner-col,.kadence-column1638_5c429d-99 > .kt-inside-inner-col:before{border-top-left-radius:0px;border-top-right-radius:0px;border-bottom-right-radius:0px;border-bottom-left-radius:0px;}.kadence-column1638_5c429d-99 > .kt-inside-inner-col{column-gap:var(--global-kb-gap-sm, 1rem);}.kadence-column1638_5c429d-99 > .kt-inside-inner-col{flex-direction:column;}.kadence-column1638_5c429d-99 > .kt-inside-inner-col > .aligncenter{width:100%;}.kadence-column1638_5c429d-99 > .kt-inside-inner-col:before{opacity:0.3;}.kadence-column1638_5c429d-99{position:relative;}@media all and (max-width: 1024px){.kadence-column1638_5c429d-99 > .kt-inside-inner-col{flex-direction:column;justify-content:center;}}@media all and (max-width: 767px){.kadence-column1638_5c429d-99 > .kt-inside-inner-col{flex-direction:column;justify-content:center;}}<\/style>\n<div class=\"wp-block-kadence-column kadence-column1638_5c429d-99\"><div class=\"kt-inside-inner-col\"><style>.wp-block-kadence-advancedheading.kt-adv-heading1638_0843de-db, .wp-block-kadence-advancedheading.kt-adv-heading1638_0843de-db[data-kb-block=\"kb-adv-heading1638_0843de-db\"]{margin-bottom:15px;text-align:center;font-size:50px;font-style:normal;font-family:var( --global-body-font-family, inherit );text-transform:uppercase;}.wp-block-kadence-advancedheading.kt-adv-heading1638_0843de-db mark.kt-highlight, .wp-block-kadence-advancedheading.kt-adv-heading1638_0843de-db[data-kb-block=\"kb-adv-heading1638_0843de-db\"] mark.kt-highlight{font-style:normal;color:#f76a0c;-webkit-box-decoration-break:clone;box-decoration-break:clone;padding-top:0px;padding-right:0px;padding-bottom:0px;padding-left:0px;}.wp-block-kadence-advancedheading.kt-adv-heading1638_0843de-db img.kb-inline-image, .wp-block-kadence-advancedheading.kt-adv-heading1638_0843de-db[data-kb-block=\"kb-adv-heading1638_0843de-db\"] img.kb-inline-image{width:150px;vertical-align:baseline;}@media all and (max-width: 767px){.wp-block-kadence-advancedheading.kt-adv-heading1638_0843de-db, .wp-block-kadence-advancedheading.kt-adv-heading1638_0843de-db[data-kb-block=\"kb-adv-heading1638_0843de-db\"]{font-size:var(--global-kb-font-size-xxxl, 5rem);}}<\/style>\n<h1 class=\"kt-adv-heading1638_0843de-db wp-block-kadence-advancedheading has-theme-palette-9-color has-text-color\" data-kb-block=\"kb-adv-heading1638_0843de-db\">Programme Du festival <\/h1>\n\n\n<style>.wp-block-kadence-advancedheading.kt-adv-heading1638_d07c3d-ce, .wp-block-kadence-advancedheading.kt-adv-heading1638_d07c3d-ce[data-kb-block=\"kb-adv-heading1638_d07c3d-ce\"]{margin-bottom:15px;text-align:center;font-size:50px;font-style:normal;font-family:var( --global-heading-font-family, inherit );text-transform:uppercase;}.wp-block-kadence-advancedheading.kt-adv-heading1638_d07c3d-ce mark.kt-highlight, .wp-block-kadence-advancedheading.kt-adv-heading1638_d07c3d-ce[data-kb-block=\"kb-adv-heading1638_d07c3d-ce\"] mark.kt-highlight{font-style:normal;color:#f76a0c;-webkit-box-decoration-break:clone;box-decoration-break:clone;padding-top:0px;padding-right:0px;padding-bottom:0px;padding-left:0px;}.wp-block-kadence-advancedheading.kt-adv-heading1638_d07c3d-ce img.kb-inline-image, .wp-block-kadence-advancedheading.kt-adv-heading1638_d07c3d-ce[data-kb-block=\"kb-adv-heading1638_d07c3d-ce\"] img.kb-inline-image{width:150px;vertical-align:baseline;}@media all and (max-width: 767px){.wp-block-kadence-advancedheading.kt-adv-heading1638_d07c3d-ce, .wp-block-kadence-advancedheading.kt-adv-heading1638_d07c3d-ce[data-kb-block=\"kb-adv-heading1638_d07c3d-ce\"]{font-size:var(--global-kb-font-size-xxxl, 5rem);}}<\/style>\n<h1 class=\"kt-adv-heading1638_d07c3d-ce wp-block-kadence-advancedheading has-theme-palette-3-color has-text-color\" data-kb-block=\"kb-adv-heading1638_d07c3d-ce\">Tantr\u00c2mour<\/h1>\n<\/div><\/div>\n\n<\/div><\/div>\n\n<style>.kb-row-layout-id1638_3c73ae-7f > .kt-row-column-wrap{align-content:start;}:where(.kb-row-layout-id1638_3c73ae-7f > .kt-row-column-wrap) > .wp-block-kadence-column{justify-content:start;}.kb-row-layout-id1638_3c73ae-7f > .kt-row-column-wrap{column-gap:var(--global-kb-gap-md, 2rem);row-gap:var(--global-kb-gap-md, 2rem);max-width:900px;margin-left:auto;margin-right:auto;padding-top:80px;padding-bottom:80px;grid-template-columns:minmax(0, 1fr);}.kb-row-layout-id1638_3c73ae-7f > .kt-row-layout-overlay{opacity:0.30;}@media all and (max-width: 1024px){.kb-row-layout-id1638_3c73ae-7f > .kt-row-column-wrap{padding-top:80px;grid-template-columns:minmax(0, 1fr);}}@media all and (max-width: 767px){.kb-row-layout-id1638_3c73ae-7f > .kt-row-column-wrap{grid-template-columns:minmax(0, 1fr);}}<\/style><div class=\"kb-row-layout-wrap kb-row-layout-id1638_3c73ae-7f alignfull wp-block-kadence-rowlayout\"><div class=\"kt-row-column-wrap kt-has-1-columns kt-row-layout-equal kt-tab-layout-inherit kt-mobile-layout-row kt-row-valign-top\">\n<style>.kadence-column1638_b8fafc-af > .kt-inside-inner-col,.kadence-column1638_b8fafc-af > .kt-inside-inner-col:before{border-top-left-radius:0px;border-top-right-radius:0px;border-bottom-right-radius:0px;border-bottom-left-radius:0px;}.kadence-column1638_b8fafc-af > .kt-inside-inner-col{column-gap:var(--global-kb-gap-sm, 1rem);}.kadence-column1638_b8fafc-af > .kt-inside-inner-col{flex-direction:column;}.kadence-column1638_b8fafc-af > .kt-inside-inner-col > .aligncenter{width:100%;}.kadence-column1638_b8fafc-af > .kt-inside-inner-col:before{opacity:0.3;}.kadence-column1638_b8fafc-af{position:relative;}.kadence-column1638_b8fafc-af, .kt-inside-inner-col > .kadence-column1638_b8fafc-af:not(.specificity){margin-top:0px;margin-bottom:0px;}@media all and (max-width: 1024px){.kadence-column1638_b8fafc-af > .kt-inside-inner-col{flex-direction:column;justify-content:center;}}@media all and (max-width: 767px){.kadence-column1638_b8fafc-af > .kt-inside-inner-col{flex-direction:column;justify-content:center;}}<\/style>\n<div class=\"wp-block-kadence-column kadence-column1638_b8fafc-af\"><div class=\"kt-inside-inner-col\">\n<p><strong>Une semaine pour danser, respirer, aimer, se transformer&#8230;<\/strong><br>Voici le programme complet de cette c\u00e9l\u00e9bration unique du vivant \u2728<\/p>\n\n\n\n<p>Ici le programme 2025 &#8211; Le programme de l&rsquo;\u00e9dition 2026 est en cours de cr\u00e9ation : pr\u00e9pare-toi, on pr\u00e9voit du beau et du grand !<\/p>\n\n\n<style>.kb-image1638_c41ca7-30 .kb-image-has-overlay:after{opacity:0.3;}<\/style>\n<div class=\"wp-block-kadence-image kb-image1638_c41ca7-30\"><figure class=\"aligncenter\"><img loading=\"lazy\" decoding=\"async\" width=\"2341\" height=\"1654\" src=\"https:\/\/tantramourfestival.com\/wp-content\/uploads\/2025\/08\/PROG-TANTRAMOUR_FESTIVAL-DETAILS_FR_compressed-1.png\" alt=\"\" class=\"kb-img wp-image-3098\" srcset=\"https:\/\/tantramourfestival.com\/wp-content\/uploads\/2025\/08\/PROG-TANTRAMOUR_FESTIVAL-DETAILS_FR_compressed-1.png 2341w, https:\/\/tantramourfestival.com\/wp-content\/uploads\/2025\/08\/PROG-TANTRAMOUR_FESTIVAL-DETAILS_FR_compressed-1-300x212.png 300w, https:\/\/tantramourfestival.com\/wp-content\/uploads\/2025\/08\/PROG-TANTRAMOUR_FESTIVAL-DETAILS_FR_compressed-1-1024x723.png 1024w, https:\/\/tantramourfestival.com\/wp-content\/uploads\/2025\/08\/PROG-TANTRAMOUR_FESTIVAL-DETAILS_FR_compressed-1-768x543.png 768w, https:\/\/tantramourfestival.com\/wp-content\/uploads\/2025\/08\/PROG-TANTRAMOUR_FESTIVAL-DETAILS_FR_compressed-1-1536x1085.png 1536w, https:\/\/tantramourfestival.com\/wp-content\/uploads\/2025\/08\/PROG-TANTRAMOUR_FESTIVAL-DETAILS_FR_compressed-1-2048x1447.png 2048w, https:\/\/tantramourfestival.com\/wp-content\/uploads\/2025\/08\/PROG-TANTRAMOUR_FESTIVAL-DETAILS_FR_compressed-1-18x12.png 18w, https:\/\/tantramourfestival.com\/wp-content\/uploads\/2025\/08\/PROG-TANTRAMOUR_FESTIVAL-DETAILS_FR_compressed-1-200x141.png 200w\" sizes=\"auto, (max-width: 2341px) 100vw, 2341px\" \/><\/figure><\/div>\n\n\n<style>.wp-block-kadence-advancedbtn.kt-btns1638_f7d919-11, .site .entry-content .wp-block-kadence-advancedbtn.kt-btns1638_f7d919-11, .wp-block-kadence-advancedbtn.kb-btns1638_f7d919-11, .site .entry-content .wp-block-kadence-advancedbtn.kb-btns1638_f7d919-11{margin-top:40px;}.wp-block-kadence-advancedbtn.kb-btns1638_f7d919-11{gap:var(--global-kb-gap-xs, 0.5rem );justify-content:center;align-items:center;}.kt-btns1638_f7d919-11 .kt-button{font-weight:normal;font-style:normal;}.kt-btns1638_f7d919-11 .kt-btn-wrap-0{margin-right:5px;}.wp-block-kadence-advancedbtn.kt-btns1638_f7d919-11 .kt-btn-wrap-0 .kt-button{color:#555555;border-color:#555555;}.wp-block-kadence-advancedbtn.kt-btns1638_f7d919-11 .kt-btn-wrap-0 .kt-button:hover, .wp-block-kadence-advancedbtn.kt-btns1638_f7d919-11 .kt-btn-wrap-0 .kt-button:focus{color:#ffffff;border-color:#444444;}.wp-block-kadence-advancedbtn.kt-btns1638_f7d919-11 .kt-btn-wrap-0 .kt-button::before{display:none;}.wp-block-kadence-advancedbtn.kt-btns1638_f7d919-11 .kt-btn-wrap-0 .kt-button:hover, .wp-block-kadence-advancedbtn.kt-btns1638_f7d919-11 .kt-btn-wrap-0 .kt-button:focus{background:#444444;}<\/style>\n<div class=\"wp-block-kadence-advancedbtn kb-buttons-wrap kb-btns1638_f7d919-11\"><style>ul.menu .wp-block-kadence-advancedbtn .kb-btn1638_11bbd8-f2.kb-button{width:initial;}<\/style><a class=\"kb-button kt-button button kb-btn1638_11bbd8-f2 kt-btn-size-standard kt-btn-width-type-auto kb-btn-global-inherit  kt-btn-has-text-true kt-btn-has-svg-false  wp-block-button__link wp-block-kadence-singlebtn\" href=\"https:\/\/tantramourfestival.com\/wp-content\/uploads\/2025\/08\/PROG-TANTRAMOUR_FESTIVAL-DETAILS_FR_compressed.pdf\" target=\"_blank\" rel=\"noreferrer noopener\"><span class=\"kt-btn-inner-text\">T\u00e9l\u00e9charger Notre programme<\/span><\/a><\/div>\n\n\n<style>.wp-block-kadence-advancedheading.kt-adv-heading1638_244338-ce, .wp-block-kadence-advancedheading.kt-adv-heading1638_244338-ce[data-kb-block=\"kb-adv-heading1638_244338-ce\"]{text-align:left;font-style:normal;}.wp-block-kadence-advancedheading.kt-adv-heading1638_244338-ce mark.kt-highlight, .wp-block-kadence-advancedheading.kt-adv-heading1638_244338-ce[data-kb-block=\"kb-adv-heading1638_244338-ce\"] mark.kt-highlight{font-style:normal;color:#f76a0c;-webkit-box-decoration-break:clone;box-decoration-break:clone;padding-top:0px;padding-right:0px;padding-bottom:0px;padding-left:0px;}.wp-block-kadence-advancedheading.kt-adv-heading1638_244338-ce img.kb-inline-image, .wp-block-kadence-advancedheading.kt-adv-heading1638_244338-ce[data-kb-block=\"kb-adv-heading1638_244338-ce\"] img.kb-inline-image{width:150px;vertical-align:baseline;}<\/style>\n<p class=\"kt-adv-heading1638_244338-ce wp-block-kadence-advancedheading\" data-kb-block=\"kb-adv-heading1638_244338-ce\">Curieux de d\u00e9couvrir ce premier festival en France, mais tu ne parles pas fran\u00e7ais ? Pas d\u2019inqui\u00e9tude ! <br>Nous accueillons des intervenants venus de plusieurs pays, et de nombreux ateliers seront traduits en anglais. L\u2019\u00e9nergie du c\u0153ur, elle, est universelle <\/p>\n<\/div><\/div>\n\n<\/div><\/div>\n\n\n<p><\/p>\n","protected":false},"excerpt":{"rendered":"<p>Programme Du festival Tantr\u00c2mour Une semaine pour danser, respirer, aimer, se transformer&#8230;Voici le programme complet de cette c\u00e9l\u00e9bration unique du vivant \u2728 Ici le programme 2025 &#8211; Le programme de l&rsquo;\u00e9dition 2026 est en cours de cr\u00e9ation : pr\u00e9pare-toi, on pr\u00e9voit du beau et du grand ! Curieux de d\u00e9couvrir ce premier festival en France,&#8230;<\/p>","protected":false},"author":5,"featured_media":0,"parent":0,"menu_order":0,"comment_status":"closed","ping_status":"closed","template":"","meta":{"_acf_changed":false,"give_campaign_id":0,"_kad_blocks_custom_css":"","_kad_blocks_head_custom_js":"","_kad_blocks_body_custom_js":"","_kad_blocks_footer_custom_js":"","_kadence_starter_templates_imported_post":false,"_kad_post_transparent":"","_kad_post_title":"","_kad_post_layout":"","_kad_post_sidebar_id":"","_kad_post_content_style":"","_kad_post_vertical_padding":"","_kad_post_feature":"","_kad_post_feature_position":"","_kad_post_header":false,"_kad_post_footer":false,"_kad_post_classname":"","footnotes":""},"class_list":["post-1638","page","type-page","status-publish","hentry"],"acf":[],"campaignId":"0","taxonomy_info":[],"featured_image_src_large":false,"author_info":{"display_name":"webkraft.code@gmail.com","author_link":"https:\/\/tantramourfestival.com\/en\/author\/webkraft-codegmail-com\/"},"comment_info":0,"_links":{"self":[{"href":"https:\/\/tantramourfestival.com\/en\/wp-json\/wp\/v2\/pages\/1638","targetHints":{"allow":["GET"]}}],"collection":[{"href":"https:\/\/tantramourfestival.com\/en\/wp-json\/wp\/v2\/pages"}],"about":[{"href":"https:\/\/tantramourfestival.com\/en\/wp-json\/wp\/v2\/types\/page"}],"author":[{"embeddable":true,"href":"https:\/\/tantramourfestival.com\/en\/wp-json\/wp\/v2\/users\/5"}],"replies":[{"embeddable":true,"href":"https:\/\/tantramourfestival.com\/en\/wp-json\/wp\/v2\/comments?post=1638"}],"version-history":[{"count":64,"href":"https:\/\/tantramourfestival.com\/en\/wp-json\/wp\/v2\/pages\/1638\/revisions"}],"predecessor-version":[{"id":3702,"href":"https:\/\/tantramourfestival.com\/en\/wp-json\/wp\/v2\/pages\/1638\/revisions\/3702"}],"wp:attachment":[{"href":"https:\/\/tantramourfestival.com\/en\/wp-json\/wp\/v2\/media?parent=1638"}],"curies":[{"name":"wp","href":"https:\/\/api.w.org\/{rel}","templated":true}]}}