{"id":3,"date":"2024-09-12T08:47:12","date_gmt":"2024-09-12T08:47:12","guid":{"rendered":"https:\/\/tantramourfestival.com\/?page_id=3"},"modified":"2026-01-28T16:34:35","modified_gmt":"2026-01-28T16:34:35","slug":"legal-notice","status":"publish","type":"page","link":"https:\/\/tantramourfestival.com\/en\/mentions-legales\/","title":{"rendered":"Terms of use"},"content":{"rendered":"<style>.kb-row-layout-id3_0cdd4b-2d > .kt-row-column-wrap{align-content:center;}:where(.kb-row-layout-id3_0cdd4b-2d > .kt-row-column-wrap) > .wp-block-kadence-column{justify-content:center;}.kb-row-layout-id3_0cdd4b-2d > .kt-row-column-wrap{column-gap:var(--global-kb-gap-md, 2rem);row-gap:var(--global-kb-gap-md, 2rem);max-width:800px;margin-left:auto;margin-right:auto;padding-top:var(--global-kb-spacing-sm, 1.5rem);padding-bottom:var(--global-kb-spacing-sm, 1.5rem);min-height:500px;grid-template-columns:minmax(0, 1fr);}.kb-row-layout-id3_0cdd4b-2d{background-image:url('https:\/\/tantramourfestival.com\/wp-content\/uploads\/2024\/11\/Estelam-TantrAmour-Alchimie_5343-1-scaled.webp');background-size:cover;background-position:49% 54%;background-attachment:scroll;background-repeat:no-repeat;}.kb-row-layout-id3_0cdd4b-2d > .kt-row-layout-overlay{opacity:0.40;}@media all and (max-width: 1024px){.kb-row-layout-id3_0cdd4b-2d > .kt-row-column-wrap{grid-template-columns:minmax(0, 1fr);}}@media all and (max-width: 767px){.kb-row-layout-id3_0cdd4b-2d > .kt-row-column-wrap{grid-template-columns:minmax(0, 1fr);}}<\/style><div class=\"kb-row-layout-wrap kb-row-layout-id3_0cdd4b-2d alignfull kt-row-has-bg wp-block-kadence-rowlayout\"><div class=\"kt-row-column-wrap kt-has-1-columns kt-row-layout-equal kt-tab-layout-inherit kt-mobile-layout-row kt-row-valign-middle\">\n<style>.kadence-column3_e12f2f-63 > .kt-inside-inner-col,.kadence-column3_e12f2f-63 > .kt-inside-inner-col:before{border-top-left-radius:0px;border-top-right-radius:0px;border-bottom-right-radius:0px;border-bottom-left-radius:0px;}.kadence-column3_e12f2f-63 > .kt-inside-inner-col{column-gap:var(--global-kb-gap-sm, 1rem);}.kadence-column3_e12f2f-63 > .kt-inside-inner-col{flex-direction:column;}.kadence-column3_e12f2f-63 > .kt-inside-inner-col > .aligncenter{width:100%;}.kadence-column3_e12f2f-63 > .kt-inside-inner-col:before{opacity:0.3;}.kadence-column3_e12f2f-63{position:relative;}@media all and (max-width: 1024px){.kadence-column3_e12f2f-63 > .kt-inside-inner-col{flex-direction:column;justify-content:center;}}@media all and (max-width: 767px){.kadence-column3_e12f2f-63 > .kt-inside-inner-col{flex-direction:column;justify-content:center;}}<\/style>\n<div class=\"wp-block-kadence-column kadence-column3_e12f2f-63\"><div class=\"kt-inside-inner-col\"><style>.wp-block-kadence-advancedheading.kt-adv-heading3_34643f-33, .wp-block-kadence-advancedheading.kt-adv-heading3_34643f-33[data-kb-block=\"kb-adv-heading3_34643f-33\"]{text-align:center;font-size:50px;font-style:normal;}.wp-block-kadence-advancedheading.kt-adv-heading3_34643f-33 mark.kt-highlight, .wp-block-kadence-advancedheading.kt-adv-heading3_34643f-33[data-kb-block=\"kb-adv-heading3_34643f-33\"] mark.kt-highlight{font-style:normal;color:#f76a0c;-webkit-box-decoration-break:clone;box-decoration-break:clone;padding-top:0px;padding-right:0px;padding-bottom:0px;padding-left:0px;}.wp-block-kadence-advancedheading.kt-adv-heading3_34643f-33 img.kb-inline-image, .wp-block-kadence-advancedheading.kt-adv-heading3_34643f-33[data-kb-block=\"kb-adv-heading3_34643f-33\"] img.kb-inline-image{width:150px;vertical-align:baseline;}<\/style>\n<h1 class=\"kt-adv-heading3_34643f-33 wp-block-kadence-advancedheading has-theme-palette-9-color has-text-color\" data-kb-block=\"kb-adv-heading3_34643f-33\">mentions L\u00e9gales<\/h1>\n<\/div><\/div>\n\n<\/div><\/div>\n\n<style>.wp-block-kadence-advancedheading.kt-adv-heading3_b966b3-e7, .wp-block-kadence-advancedheading.kt-adv-heading3_b966b3-e7[data-kb-block=\"kb-adv-heading3_b966b3-e7\"]{font-style:normal;}.wp-block-kadence-advancedheading.kt-adv-heading3_b966b3-e7 mark.kt-highlight, .wp-block-kadence-advancedheading.kt-adv-heading3_b966b3-e7[data-kb-block=\"kb-adv-heading3_b966b3-e7\"] mark.kt-highlight{font-style:normal;color:#f76a0c;-webkit-box-decoration-break:clone;box-decoration-break:clone;padding-top:0px;padding-right:0px;padding-bottom:0px;padding-left:0px;}.wp-block-kadence-advancedheading.kt-adv-heading3_b966b3-e7 img.kb-inline-image, .wp-block-kadence-advancedheading.kt-adv-heading3_b966b3-e7[data-kb-block=\"kb-adv-heading3_b966b3-e7\"] img.kb-inline-image{width:150px;vertical-align:baseline;}<\/style>\n<h2 class=\"kt-adv-heading3_b966b3-e7 wp-block-kadence-advancedheading\" data-kb-block=\"kb-adv-heading3_b966b3-e7\">\u00c9diteur du Site<\/h2>\n\n\n<style>.wp-block-kadence-advancedheading.kt-adv-heading3_84b383-5a, .wp-block-kadence-advancedheading.kt-adv-heading3_84b383-5a[data-kb-block=\"kb-adv-heading3_84b383-5a\"]{font-style:normal;}.wp-block-kadence-advancedheading.kt-adv-heading3_84b383-5a mark.kt-highlight, .wp-block-kadence-advancedheading.kt-adv-heading3_84b383-5a[data-kb-block=\"kb-adv-heading3_84b383-5a\"] mark.kt-highlight{font-style:normal;color:#f76a0c;-webkit-box-decoration-break:clone;box-decoration-break:clone;padding-top:0px;padding-right:0px;padding-bottom:0px;padding-left:0px;}.wp-block-kadence-advancedheading.kt-adv-heading3_84b383-5a img.kb-inline-image, .wp-block-kadence-advancedheading.kt-adv-heading3_84b383-5a[data-kb-block=\"kb-adv-heading3_84b383-5a\"] img.kb-inline-image{width:150px;vertical-align:baseline;}<\/style>\n<p class=\"kt-adv-heading3_84b383-5a wp-block-kadence-advancedheading\" data-kb-block=\"kb-adv-heading3_84b383-5a\">Le pr\u00e9sent site web est \u00e9dit\u00e9 par :<br><strong>Nom de l&rsquo;entreprise:<\/strong> Tantr\u00c2mour<br><strong>T\u00e9l\u00e9phone:<\/strong> +33 6 63 17 71 80<br><strong>E-mail:<\/strong> tantramoursc@gmail.com<\/p>\n\n\n<style>.wp-block-kadence-advancedheading.kt-adv-heading3_6a7180-f4, .wp-block-kadence-advancedheading.kt-adv-heading3_6a7180-f4[data-kb-block=\"kb-adv-heading3_6a7180-f4\"]{font-style:normal;}.wp-block-kadence-advancedheading.kt-adv-heading3_6a7180-f4 mark.kt-highlight, .wp-block-kadence-advancedheading.kt-adv-heading3_6a7180-f4[data-kb-block=\"kb-adv-heading3_6a7180-f4\"] mark.kt-highlight{font-style:normal;color:#f76a0c;-webkit-box-decoration-break:clone;box-decoration-break:clone;padding-top:0px;padding-right:0px;padding-bottom:0px;padding-left:0px;}.wp-block-kadence-advancedheading.kt-adv-heading3_6a7180-f4 img.kb-inline-image, .wp-block-kadence-advancedheading.kt-adv-heading3_6a7180-f4[data-kb-block=\"kb-adv-heading3_6a7180-f4\"] img.kb-inline-image{width:150px;vertical-align:baseline;}<\/style>\n<h2 class=\"kt-adv-heading3_6a7180-f4 wp-block-kadence-advancedheading\" data-kb-block=\"kb-adv-heading3_6a7180-f4\">H\u00e9bergeur du Site<\/h2>\n\n\n<style>.wp-block-kadence-advancedheading.kt-adv-heading3_c0c10b-e7, .wp-block-kadence-advancedheading.kt-adv-heading3_c0c10b-e7[data-kb-block=\"kb-adv-heading3_c0c10b-e7\"]{font-style:normal;}.wp-block-kadence-advancedheading.kt-adv-heading3_c0c10b-e7 mark.kt-highlight, .wp-block-kadence-advancedheading.kt-adv-heading3_c0c10b-e7[data-kb-block=\"kb-adv-heading3_c0c10b-e7\"] mark.kt-highlight{font-style:normal;color:#f76a0c;-webkit-box-decoration-break:clone;box-decoration-break:clone;padding-top:0px;padding-right:0px;padding-bottom:0px;padding-left:0px;}.wp-block-kadence-advancedheading.kt-adv-heading3_c0c10b-e7 img.kb-inline-image, .wp-block-kadence-advancedheading.kt-adv-heading3_c0c10b-e7[data-kb-block=\"kb-adv-heading3_c0c10b-e7\"] img.kb-inline-image{width:150px;vertical-align:baseline;}<\/style>\n<p class=\"kt-adv-heading3_c0c10b-e7 wp-block-kadence-advancedheading\" data-kb-block=\"kb-adv-heading3_c0c10b-e7\"><strong>Nom de l&rsquo;h\u00e9bergeur :<\/strong> Hostinger &#8211; Gestion par <a href=\"https:\/\/WebKraft.fr\" target=\"_blank\" rel=\"noreferrer noopener nofollow\">WebKraft.fr<\/a><\/p>\n\n\n<style>.wp-block-kadence-advancedheading.kt-adv-heading3_dedb43-d1, .wp-block-kadence-advancedheading.kt-adv-heading3_dedb43-d1[data-kb-block=\"kb-adv-heading3_dedb43-d1\"]{font-style:normal;}.wp-block-kadence-advancedheading.kt-adv-heading3_dedb43-d1 mark.kt-highlight, .wp-block-kadence-advancedheading.kt-adv-heading3_dedb43-d1[data-kb-block=\"kb-adv-heading3_dedb43-d1\"] mark.kt-highlight{font-style:normal;color:#f76a0c;-webkit-box-decoration-break:clone;box-decoration-break:clone;padding-top:0px;padding-right:0px;padding-bottom:0px;padding-left:0px;}.wp-block-kadence-advancedheading.kt-adv-heading3_dedb43-d1 img.kb-inline-image, .wp-block-kadence-advancedheading.kt-adv-heading3_dedb43-d1[data-kb-block=\"kb-adv-heading3_dedb43-d1\"] img.kb-inline-image{width:150px;vertical-align:baseline;}<\/style>\n<h2 class=\"kt-adv-heading3_dedb43-d1 wp-block-kadence-advancedheading\" data-kb-block=\"kb-adv-heading3_dedb43-d1\">Conception et R\u00e9alisation du Site<\/h2>\n\n\n<style>.wp-block-kadence-advancedheading.kt-adv-heading3_34ebf9-11, .wp-block-kadence-advancedheading.kt-adv-heading3_34ebf9-11[data-kb-block=\"kb-adv-heading3_34ebf9-11\"]{font-style:normal;}.wp-block-kadence-advancedheading.kt-adv-heading3_34ebf9-11 mark.kt-highlight, .wp-block-kadence-advancedheading.kt-adv-heading3_34ebf9-11[data-kb-block=\"kb-adv-heading3_34ebf9-11\"] mark.kt-highlight{font-style:normal;color:#f76a0c;-webkit-box-decoration-break:clone;box-decoration-break:clone;padding-top:0px;padding-right:0px;padding-bottom:0px;padding-left:0px;}.wp-block-kadence-advancedheading.kt-adv-heading3_34ebf9-11 img.kb-inline-image, .wp-block-kadence-advancedheading.kt-adv-heading3_34ebf9-11[data-kb-block=\"kb-adv-heading3_34ebf9-11\"] img.kb-inline-image{width:150px;vertical-align:baseline;}<\/style>\n<p class=\"kt-adv-heading3_34ebf9-11 wp-block-kadence-advancedheading\" data-kb-block=\"kb-adv-heading3_34ebf9-11\">Le design de ce site a \u00e9t\u00e9 r\u00e9alis\u00e9 par C\u00e9line Martin &#8211; <a href=\"https:\/\/masalma.fr\/\" target=\"_blank\" rel=\"noreferrer noopener nofollow\">Masalma<\/a><\/p>\n\n\n<style>.wp-block-kadence-advancedheading.kt-adv-heading3_20f08e-22, .wp-block-kadence-advancedheading.kt-adv-heading3_20f08e-22[data-kb-block=\"kb-adv-heading3_20f08e-22\"]{font-style:normal;}.wp-block-kadence-advancedheading.kt-adv-heading3_20f08e-22 mark.kt-highlight, .wp-block-kadence-advancedheading.kt-adv-heading3_20f08e-22[data-kb-block=\"kb-adv-heading3_20f08e-22\"] mark.kt-highlight{font-style:normal;color:#f76a0c;-webkit-box-decoration-break:clone;box-decoration-break:clone;padding-top:0px;padding-right:0px;padding-bottom:0px;padding-left:0px;}.wp-block-kadence-advancedheading.kt-adv-heading3_20f08e-22 img.kb-inline-image, .wp-block-kadence-advancedheading.kt-adv-heading3_20f08e-22[data-kb-block=\"kb-adv-heading3_20f08e-22\"] img.kb-inline-image{width:150px;vertical-align:baseline;}<\/style>\n<p class=\"kt-adv-heading3_20f08e-22 wp-block-kadence-advancedheading\" data-kb-block=\"kb-adv-heading3_20f08e-22\">Ce site a \u00e9t\u00e9 d\u00e9velopp\u00e9 par <a href=\"https:\/\/flap-jack.fr\" target=\"_blank\" rel=\"noreferrer noopener nofollow\">Flap Jack<\/a><\/p>\n\n\n<style>.wp-block-kadence-advancedheading.kt-adv-heading3_31d38f-27, .wp-block-kadence-advancedheading.kt-adv-heading3_31d38f-27[data-kb-block=\"kb-adv-heading3_31d38f-27\"]{font-style:normal;}.wp-block-kadence-advancedheading.kt-adv-heading3_31d38f-27 mark.kt-highlight, .wp-block-kadence-advancedheading.kt-adv-heading3_31d38f-27[data-kb-block=\"kb-adv-heading3_31d38f-27\"] mark.kt-highlight{font-style:normal;color:#f76a0c;-webkit-box-decoration-break:clone;box-decoration-break:clone;padding-top:0px;padding-right:0px;padding-bottom:0px;padding-left:0px;}.wp-block-kadence-advancedheading.kt-adv-heading3_31d38f-27 img.kb-inline-image, .wp-block-kadence-advancedheading.kt-adv-heading3_31d38f-27[data-kb-block=\"kb-adv-heading3_31d38f-27\"] img.kb-inline-image{width:150px;vertical-align:baseline;}<\/style>\n<h2 class=\"kt-adv-heading3_31d38f-27 wp-block-kadence-advancedheading\" data-kb-block=\"kb-adv-heading3_31d38f-27\">Sources des Images<\/h2>\n\n\n<style>.wp-block-kadence-advancedheading.kt-adv-heading3_b79b60-1a, .wp-block-kadence-advancedheading.kt-adv-heading3_b79b60-1a[data-kb-block=\"kb-adv-heading3_b79b60-1a\"]{font-style:normal;}.wp-block-kadence-advancedheading.kt-adv-heading3_b79b60-1a mark.kt-highlight, .wp-block-kadence-advancedheading.kt-adv-heading3_b79b60-1a[data-kb-block=\"kb-adv-heading3_b79b60-1a\"] mark.kt-highlight{font-style:normal;color:#f76a0c;-webkit-box-decoration-break:clone;box-decoration-break:clone;padding-top:0px;padding-right:0px;padding-bottom:0px;padding-left:0px;}.wp-block-kadence-advancedheading.kt-adv-heading3_b79b60-1a img.kb-inline-image, .wp-block-kadence-advancedheading.kt-adv-heading3_b79b60-1a[data-kb-block=\"kb-adv-heading3_b79b60-1a\"] img.kb-inline-image{width:150px;vertical-align:baseline;}<\/style>\n<p class=\"kt-adv-heading3_b79b60-1a wp-block-kadence-advancedheading\" data-kb-block=\"kb-adv-heading3_b79b60-1a\">Les images utilis\u00e9es sur ce site proviennent des sources suivantes : <\/p>\n\n\n\n<ul class=\"wp-block-list\">\n<li>Xavier Calihol &#8211; <a href=\"http:\/\/www.estelam.fr\" target=\"_blank\" rel=\"noreferrer noopener nofollow\">www.estelam.fr<\/a><\/li>\n\n\n\n<li>Pexels<\/li>\n\n\n\n<li>Hameau De L&rsquo;etoile<\/li>\n\n\n\n<li>Nathalie Falck<\/li>\n<\/ul>\n\n\n<style>.wp-block-kadence-advancedheading.kt-adv-heading3_dc39d7-78, .wp-block-kadence-advancedheading.kt-adv-heading3_dc39d7-78[data-kb-block=\"kb-adv-heading3_dc39d7-78\"]{font-style:normal;}.wp-block-kadence-advancedheading.kt-adv-heading3_dc39d7-78 mark.kt-highlight, .wp-block-kadence-advancedheading.kt-adv-heading3_dc39d7-78[data-kb-block=\"kb-adv-heading3_dc39d7-78\"] mark.kt-highlight{font-style:normal;color:#f76a0c;-webkit-box-decoration-break:clone;box-decoration-break:clone;padding-top:0px;padding-right:0px;padding-bottom:0px;padding-left:0px;}.wp-block-kadence-advancedheading.kt-adv-heading3_dc39d7-78 img.kb-inline-image, .wp-block-kadence-advancedheading.kt-adv-heading3_dc39d7-78[data-kb-block=\"kb-adv-heading3_dc39d7-78\"] img.kb-inline-image{width:150px;vertical-align:baseline;}<\/style>\n<h2 class=\"kt-adv-heading3_dc39d7-78 wp-block-kadence-advancedheading\" data-kb-block=\"kb-adv-heading3_dc39d7-78\">Propri\u00e9t\u00e9 Intellectuelle<\/h2>\n\n\n<style>.wp-block-kadence-advancedheading.kt-adv-heading3_b1a24d-e6, .wp-block-kadence-advancedheading.kt-adv-heading3_b1a24d-e6[data-kb-block=\"kb-adv-heading3_b1a24d-e6\"]{font-style:normal;}.wp-block-kadence-advancedheading.kt-adv-heading3_b1a24d-e6 mark.kt-highlight, .wp-block-kadence-advancedheading.kt-adv-heading3_b1a24d-e6[data-kb-block=\"kb-adv-heading3_b1a24d-e6\"] mark.kt-highlight{font-style:normal;color:#f76a0c;-webkit-box-decoration-break:clone;box-decoration-break:clone;padding-top:0px;padding-right:0px;padding-bottom:0px;padding-left:0px;}.wp-block-kadence-advancedheading.kt-adv-heading3_b1a24d-e6 img.kb-inline-image, .wp-block-kadence-advancedheading.kt-adv-heading3_b1a24d-e6[data-kb-block=\"kb-adv-heading3_b1a24d-e6\"] img.kb-inline-image{width:150px;vertical-align:baseline;}<\/style>\n<p class=\"kt-adv-heading3_b1a24d-e6 wp-block-kadence-advancedheading\" data-kb-block=\"kb-adv-heading3_b1a24d-e6\">L&rsquo;ensemble des \u00e9l\u00e9ments figurant sur ce site (textes, images, graphismes, logos, ic\u00f4nes, etc.) sont prot\u00e9g\u00e9s par les lois en vigueur sur la propri\u00e9t\u00e9 intellectuelle. Toute reproduction, repr\u00e9sentation, modification, publication ou adaptation de tout ou partie des \u00e9l\u00e9ments du site, quel que soit le moyen ou le proc\u00e9d\u00e9 utilis\u00e9, est interdite, sauf autorisation \u00e9crite pr\u00e9alable de Tantr\u00c2mour.<\/p>\n\n\n<style>.wp-block-kadence-advancedheading.kt-adv-heading3_8ddffb-84, .wp-block-kadence-advancedheading.kt-adv-heading3_8ddffb-84[data-kb-block=\"kb-adv-heading3_8ddffb-84\"]{font-style:normal;}.wp-block-kadence-advancedheading.kt-adv-heading3_8ddffb-84 mark.kt-highlight, .wp-block-kadence-advancedheading.kt-adv-heading3_8ddffb-84[data-kb-block=\"kb-adv-heading3_8ddffb-84\"] mark.kt-highlight{font-style:normal;color:#f76a0c;-webkit-box-decoration-break:clone;box-decoration-break:clone;padding-top:0px;padding-right:0px;padding-bottom:0px;padding-left:0px;}.wp-block-kadence-advancedheading.kt-adv-heading3_8ddffb-84 img.kb-inline-image, .wp-block-kadence-advancedheading.kt-adv-heading3_8ddffb-84[data-kb-block=\"kb-adv-heading3_8ddffb-84\"] img.kb-inline-image{width:150px;vertical-align:baseline;}<\/style>\n<h2 class=\"kt-adv-heading3_8ddffb-84 wp-block-kadence-advancedheading\" data-kb-block=\"kb-adv-heading3_8ddffb-84\">Protection des Donn\u00e9es Personnelles<\/h2>\n\n\n<style>.wp-block-kadence-advancedheading.kt-adv-heading3_204613-61, .wp-block-kadence-advancedheading.kt-adv-heading3_204613-61[data-kb-block=\"kb-adv-heading3_204613-61\"]{font-style:normal;}.wp-block-kadence-advancedheading.kt-adv-heading3_204613-61 mark.kt-highlight, .wp-block-kadence-advancedheading.kt-adv-heading3_204613-61[data-kb-block=\"kb-adv-heading3_204613-61\"] mark.kt-highlight{font-style:normal;color:#f76a0c;-webkit-box-decoration-break:clone;box-decoration-break:clone;padding-top:0px;padding-right:0px;padding-bottom:0px;padding-left:0px;}.wp-block-kadence-advancedheading.kt-adv-heading3_204613-61 img.kb-inline-image, .wp-block-kadence-advancedheading.kt-adv-heading3_204613-61[data-kb-block=\"kb-adv-heading3_204613-61\"] img.kb-inline-image{width:150px;vertical-align:baseline;}<\/style>\n<p class=\"kt-adv-heading3_204613-61 wp-block-kadence-advancedheading\" data-kb-block=\"kb-adv-heading3_204613-61\">Conform\u00e9ment au R\u00e8glement G\u00e9n\u00e9ral sur la Protection des Donn\u00e9es (RGPD), vous disposez d&rsquo;un droit d&rsquo;acc\u00e8s, de rectification, de suppression et d&rsquo;opposition concernant vos donn\u00e9es personnelles. Pour exercer ces droits, veuillez nous contacter \u00e0 l\u2019adresse : tantramoursc@gmail.com<\/p>\n\n\n<style>.wp-block-kadence-advancedheading.kt-adv-heading3_b3722a-58, .wp-block-kadence-advancedheading.kt-adv-heading3_b3722a-58[data-kb-block=\"kb-adv-heading3_b3722a-58\"]{font-style:normal;}.wp-block-kadence-advancedheading.kt-adv-heading3_b3722a-58 mark.kt-highlight, .wp-block-kadence-advancedheading.kt-adv-heading3_b3722a-58[data-kb-block=\"kb-adv-heading3_b3722a-58\"] mark.kt-highlight{font-style:normal;color:#f76a0c;-webkit-box-decoration-break:clone;box-decoration-break:clone;padding-top:0px;padding-right:0px;padding-bottom:0px;padding-left:0px;}.wp-block-kadence-advancedheading.kt-adv-heading3_b3722a-58 img.kb-inline-image, .wp-block-kadence-advancedheading.kt-adv-heading3_b3722a-58[data-kb-block=\"kb-adv-heading3_b3722a-58\"] img.kb-inline-image{width:150px;vertical-align:baseline;}<\/style>\n<h2 class=\"kt-adv-heading3_b3722a-58 wp-block-kadence-advancedheading\" data-kb-block=\"kb-adv-heading3_b3722a-58\">Limitation de Responsabilit\u00e9<\/h2>\n\n\n<style>.wp-block-kadence-advancedheading.kt-adv-heading3_6727f3-6c, .wp-block-kadence-advancedheading.kt-adv-heading3_6727f3-6c[data-kb-block=\"kb-adv-heading3_6727f3-6c\"]{font-style:normal;}.wp-block-kadence-advancedheading.kt-adv-heading3_6727f3-6c mark.kt-highlight, .wp-block-kadence-advancedheading.kt-adv-heading3_6727f3-6c[data-kb-block=\"kb-adv-heading3_6727f3-6c\"] mark.kt-highlight{font-style:normal;color:#f76a0c;-webkit-box-decoration-break:clone;box-decoration-break:clone;padding-top:0px;padding-right:0px;padding-bottom:0px;padding-left:0px;}.wp-block-kadence-advancedheading.kt-adv-heading3_6727f3-6c img.kb-inline-image, .wp-block-kadence-advancedheading.kt-adv-heading3_6727f3-6c[data-kb-block=\"kb-adv-heading3_6727f3-6c\"] img.kb-inline-image{width:150px;vertical-align:baseline;}<\/style>\n<p class=\"kt-adv-heading3_6727f3-6c wp-block-kadence-advancedheading\" data-kb-block=\"kb-adv-heading3_6727f3-6c\">L\u2019\u00e9diteur du site ne peut \u00eatre tenu responsable en cas d\u2019erreurs, d\u2019omissions ou de r\u00e9sultats obtenus suite \u00e0 l\u2019utilisation des informations disponibles sur ce site.<\/p>\n\n\n<style>.wp-block-kadence-advancedheading.kt-adv-heading3_29a3b9-e8, .wp-block-kadence-advancedheading.kt-adv-heading3_29a3b9-e8[data-kb-block=\"kb-adv-heading3_29a3b9-e8\"]{font-style:normal;}.wp-block-kadence-advancedheading.kt-adv-heading3_29a3b9-e8 mark.kt-highlight, .wp-block-kadence-advancedheading.kt-adv-heading3_29a3b9-e8[data-kb-block=\"kb-adv-heading3_29a3b9-e8\"] mark.kt-highlight{font-style:normal;color:#f76a0c;-webkit-box-decoration-break:clone;box-decoration-break:clone;padding-top:0px;padding-right:0px;padding-bottom:0px;padding-left:0px;}.wp-block-kadence-advancedheading.kt-adv-heading3_29a3b9-e8 img.kb-inline-image, .wp-block-kadence-advancedheading.kt-adv-heading3_29a3b9-e8[data-kb-block=\"kb-adv-heading3_29a3b9-e8\"] img.kb-inline-image{width:150px;vertical-align:baseline;}<\/style>\n<h2 class=\"kt-adv-heading3_29a3b9-e8 wp-block-kadence-advancedheading\" data-kb-block=\"kb-adv-heading3_29a3b9-e8\">Cookies<\/h2>\n\n\n<style>.wp-block-kadence-advancedheading.kt-adv-heading3_c81640-5b, .wp-block-kadence-advancedheading.kt-adv-heading3_c81640-5b[data-kb-block=\"kb-adv-heading3_c81640-5b\"]{font-style:normal;}.wp-block-kadence-advancedheading.kt-adv-heading3_c81640-5b mark.kt-highlight, .wp-block-kadence-advancedheading.kt-adv-heading3_c81640-5b[data-kb-block=\"kb-adv-heading3_c81640-5b\"] mark.kt-highlight{font-style:normal;color:#f76a0c;-webkit-box-decoration-break:clone;box-decoration-break:clone;padding-top:0px;padding-right:0px;padding-bottom:0px;padding-left:0px;}.wp-block-kadence-advancedheading.kt-adv-heading3_c81640-5b img.kb-inline-image, .wp-block-kadence-advancedheading.kt-adv-heading3_c81640-5b[data-kb-block=\"kb-adv-heading3_c81640-5b\"] img.kb-inline-image{width:150px;vertical-align:baseline;}<\/style>\n<p class=\"kt-adv-heading3_c81640-5b wp-block-kadence-advancedheading\" data-kb-block=\"kb-adv-heading3_c81640-5b\">Le site peut utiliser des cookies pour am\u00e9liorer l\u2019exp\u00e9rience utilisateur. Plus d&rsquo;info ici.<\/p>\n\n\n<style>.wp-block-kadence-advancedheading.kt-adv-heading3_70ff5a-b0, .wp-block-kadence-advancedheading.kt-adv-heading3_70ff5a-b0[data-kb-block=\"kb-adv-heading3_70ff5a-b0\"]{font-style:normal;}.wp-block-kadence-advancedheading.kt-adv-heading3_70ff5a-b0 mark.kt-highlight, .wp-block-kadence-advancedheading.kt-adv-heading3_70ff5a-b0[data-kb-block=\"kb-adv-heading3_70ff5a-b0\"] mark.kt-highlight{font-style:normal;color:#f76a0c;-webkit-box-decoration-break:clone;box-decoration-break:clone;padding-top:0px;padding-right:0px;padding-bottom:0px;padding-left:0px;}.wp-block-kadence-advancedheading.kt-adv-heading3_70ff5a-b0 img.kb-inline-image, .wp-block-kadence-advancedheading.kt-adv-heading3_70ff5a-b0[data-kb-block=\"kb-adv-heading3_70ff5a-b0\"] img.kb-inline-image{width:150px;vertical-align:baseline;}<\/style>\n<h2 class=\"kt-adv-heading3_70ff5a-b0 wp-block-kadence-advancedheading\" data-kb-block=\"kb-adv-heading3_70ff5a-b0\">Contact<\/h2>\n\n\n<style>.wp-block-kadence-advancedheading.kt-adv-heading3_216cb7-e2, .wp-block-kadence-advancedheading.kt-adv-heading3_216cb7-e2[data-kb-block=\"kb-adv-heading3_216cb7-e2\"]{font-style:normal;}.wp-block-kadence-advancedheading.kt-adv-heading3_216cb7-e2 mark.kt-highlight, .wp-block-kadence-advancedheading.kt-adv-heading3_216cb7-e2[data-kb-block=\"kb-adv-heading3_216cb7-e2\"] mark.kt-highlight{font-style:normal;color:#f76a0c;-webkit-box-decoration-break:clone;box-decoration-break:clone;padding-top:0px;padding-right:0px;padding-bottom:0px;padding-left:0px;}.wp-block-kadence-advancedheading.kt-adv-heading3_216cb7-e2 img.kb-inline-image, .wp-block-kadence-advancedheading.kt-adv-heading3_216cb7-e2[data-kb-block=\"kb-adv-heading3_216cb7-e2\"] img.kb-inline-image{width:150px;vertical-align:baseline;}<\/style>\n<p class=\"kt-adv-heading3_216cb7-e2 wp-block-kadence-advancedheading\" data-kb-block=\"kb-adv-heading3_216cb7-e2\">Pour toute question relative aux mentions l\u00e9gales du site, vous pouvez nous contacter \u00e0 l&rsquo;adresse suivante : tantramoursc@gmail.com<\/p>\n\n\n\n<p><\/p>\n","protected":false},"excerpt":{"rendered":"<p>mentions L\u00e9gales \u00c9diteur du Site Le pr\u00e9sent site web est \u00e9dit\u00e9 par :Nom de l&rsquo;entreprise: Tantr\u00c2mourT\u00e9l\u00e9phone: +33 6 63 17 71 80E-mail: tantramoursc@gmail.com H\u00e9bergeur du Site Nom de l&rsquo;h\u00e9bergeur : Hostinger &#8211; Gestion par WebKraft.fr Conception et R\u00e9alisation du Site Le design de ce site a \u00e9t\u00e9 r\u00e9alis\u00e9 par C\u00e9line Martin &#8211; Masalma Ce site&#8230;<\/p>","protected":false},"author":5,"featured_media":0,"parent":0,"menu_order":0,"comment_status":"closed","ping_status":"closed","template":"","meta":{"_acf_changed":false,"give_campaign_id":0,"_kad_blocks_custom_css":"","_kad_blocks_head_custom_js":"","_kad_blocks_body_custom_js":"","_kad_blocks_footer_custom_js":"","_kadence_starter_templates_imported_post":false,"_kad_post_transparent":"","_kad_post_title":"","_kad_post_layout":"","_kad_post_sidebar_id":"","_kad_post_content_style":"","_kad_post_vertical_padding":"bottom","_kad_post_feature":"","_kad_post_feature_position":"","_kad_post_header":false,"_kad_post_footer":false,"_kad_post_classname":"","footnotes":""},"class_list":["post-3","page","type-page","status-publish","hentry"],"acf":[],"campaignId":"","taxonomy_info":[],"featured_image_src_large":false,"author_info":{"display_name":"webkraft.code@gmail.com","author_link":"https:\/\/tantramourfestival.com\/en\/author\/webkraft-codegmail-com\/"},"comment_info":0,"_links":{"self":[{"href":"https:\/\/tantramourfestival.com\/en\/wp-json\/wp\/v2\/pages\/3","targetHints":{"allow":["GET"]}}],"collection":[{"href":"https:\/\/tantramourfestival.com\/en\/wp-json\/wp\/v2\/pages"}],"about":[{"href":"https:\/\/tantramourfestival.com\/en\/wp-json\/wp\/v2\/types\/page"}],"author":[{"embeddable":true,"href":"https:\/\/tantramourfestival.com\/en\/wp-json\/wp\/v2\/users\/5"}],"replies":[{"embeddable":true,"href":"https:\/\/tantramourfestival.com\/en\/wp-json\/wp\/v2\/comments?post=3"}],"version-history":[{"count":10,"href":"https:\/\/tantramourfestival.com\/en\/wp-json\/wp\/v2\/pages\/3\/revisions"}],"predecessor-version":[{"id":3512,"href":"https:\/\/tantramourfestival.com\/en\/wp-json\/wp\/v2\/pages\/3\/revisions\/3512"}],"wp:attachment":[{"href":"https:\/\/tantramourfestival.com\/en\/wp-json\/wp\/v2\/media?parent=3"}],"curies":[{"name":"wp","href":"https:\/\/api.w.org\/{rel}","templated":true}]}}